{"id":535,"date":"2025-03-22T02:09:17","date_gmt":"2025-03-21T23:09:17","guid":{"rendered":"https:\/\/salon-ela.orhandavidov.com\/?page_id=535"},"modified":"2025-03-23T13:50:55","modified_gmt":"2025-03-23T10:50:55","slug":"security","status":"publish","type":"page","link":"https:\/\/salon-ela.de\/en\/security\/","title":{"rendered":"Security"},"content":{"rendered":"<figure class=\"wp-block-image size-large\"><img loading=\"lazy\" decoding=\"async\" width=\"1024\" height=\"576\" src=\"https:\/\/salon-ela.de\/\/wp-content\/uploads\/2025\/03\/dezinfekciya-instrumentov-parikmahera-1024x576.avif\" alt=\"\" class=\"wp-image-566\" srcset=\"https:\/\/salon-ela.de\/wp-content\/uploads\/2025\/03\/dezinfekciya-instrumentov-parikmahera-1024x576.avif 1024w, https:\/\/salon-ela.de\/wp-content\/uploads\/2025\/03\/dezinfekciya-instrumentov-parikmahera-300x169.avif 300w, https:\/\/salon-ela.de\/wp-content\/uploads\/2025\/03\/dezinfekciya-instrumentov-parikmahera-768x432.avif 768w, https:\/\/salon-ela.de\/wp-content\/uploads\/2025\/03\/dezinfekciya-instrumentov-parikmahera-18x10.avif 18w, https:\/\/salon-ela.de\/wp-content\/uploads\/2025\/03\/dezinfekciya-instrumentov-parikmahera.avif 1100w\" sizes=\"auto, (max-width: 1024px) 100vw, 1024px\" \/><\/figure>\n\n\n\n<p>Ihre Sicherheit und Gesundheit haben f\u00fcr uns h\u00f6chste Priorit\u00e4t. Deshalb treffen wir alle notwendigen Ma\u00dfnahmen, um Ihnen einen sicheren und angenehmen Aufenthalt in unserer Friseursalon zu gew\u00e4hrleisten.<\/p>\n\n\n\n<p><strong>Unsere Hygienestandards:<\/strong><\/p>\n\n\n\n<ul class=\"wp-block-list\">\n<li>Alle unsere Werkzeuge und Ger\u00e4te werden nach jedem Gebrauch gr\u00fcndlich desinfiziert.<\/li>\n\n\n\n<li>Wir verwenden ausschlie\u00dflich hochwertige und hygienische Produkte.<\/li>\n\n\n\n<li>Unsere Mitarbeiter tragen w\u00e4hrend des gesamten Services Mundschutz und Handschuhe, um das Risiko einer Kreuzkontamination zu minimieren.<\/li>\n\n\n\n<li>Der Salon wird regelm\u00e4\u00dfig gereinigt, um h\u00f6chste Hygienestandards zu gew\u00e4hrleisten.<\/li>\n<\/ul>\n\n\n\n<p><strong>Verantwortungsvolle Dienstleistungen:<\/strong><\/p>\n\n\n\n<ul class=\"wp-block-list\">\n<li>Wir sorgen daf\u00fcr, dass alle Produkte, die wir verwenden, sicher und f\u00fcr alle Hauttypen geeignet sind.<\/li>\n\n\n\n<li>Unsere Friseure sind bestens geschult und achten auf Ihre individuellen Bed\u00fcrfnisse und W\u00fcnsche.<\/li>\n<\/ul>\n\n\n\n<p>Vielen Dank f\u00fcr Ihr Vertrauen in uns. Ihre Sicherheit und Zufriedenheit sind unser oberstes Ziel!<\/p>","protected":false},"excerpt":{"rendered":"<p>Ihre Sicherheit und Gesundheit haben f\u00fcr uns h\u00f6chste Priorit\u00e4t. Deshalb treffen wir alle notwendigen Ma\u00dfnahmen, um Ihnen einen sicheren und angenehmen Aufenthalt in unserer Friseursalon zu gew\u00e4hrleisten. Unsere Hygienestandards: Verantwortungsvolle Dienstleistungen: Vielen Dank f\u00fcr Ihr Vertrauen in uns. Ihre Sicherheit und Zufriedenheit sind unser oberstes Ziel!<\/p>","protected":false},"author":1,"featured_media":0,"parent":0,"menu_order":0,"comment_status":"closed","ping_status":"closed","template":"templates\/security.php","meta":{"footnotes":""},"class_list":["post-535","page","type-page","status-publish","hentry"],"acf":[],"yoast_head":"<!-- This site is optimized with the Yoast SEO plugin v26.4 - https:\/\/yoast.com\/wordpress\/plugins\/seo\/ -->\n<title>Sicherheit &#8211; Friseur Ela<\/title>\n<meta name=\"robots\" content=\"index, follow, max-snippet:-1, max-image-preview:large, max-video-preview:-1\" \/>\n<link rel=\"canonical\" href=\"https:\/\/salon-ela.de\/en\/security\/\" \/>\n<meta property=\"og:locale\" content=\"en_GB\" \/>\n<meta property=\"og:type\" content=\"article\" \/>\n<meta property=\"og:title\" content=\"Sicherheit &#8211; Friseur Ela\" \/>\n<meta property=\"og:description\" content=\"Ihre Sicherheit und Gesundheit haben f\u00fcr uns h\u00f6chste Priorit\u00e4t. Deshalb treffen wir alle notwendigen Ma\u00dfnahmen, um Ihnen einen sicheren und angenehmen Aufenthalt in unserer Friseursalon zu gew\u00e4hrleisten. Unsere Hygienestandards: Verantwortungsvolle Dienstleistungen: Vielen Dank f\u00fcr Ihr Vertrauen in uns. Ihre Sicherheit und Zufriedenheit sind unser oberstes Ziel!\" \/>\n<meta property=\"og:url\" content=\"https:\/\/salon-ela.de\/en\/security\/\" \/>\n<meta property=\"og:site_name\" content=\"Friseur Ela\" \/>\n<meta property=\"article:publisher\" content=\"https:\/\/www.facebook.com\/profile.php?id=100066531817981\" \/>\n<meta property=\"article:modified_time\" content=\"2025-03-23T10:50:55+00:00\" \/>\n<meta property=\"og:image\" content=\"https:\/\/salon-ela.de\/\/wp-content\/uploads\/2025\/03\/dezinfekciya-instrumentov-parikmahera-1024x576.avif\" \/>\n<meta name=\"twitter:card\" content=\"summary_large_image\" \/>\n<meta name=\"twitter:site\" content=\"@friseursalonela\" \/>\n<meta name=\"twitter:label1\" content=\"Estimated reading time\" \/>\n\t<meta name=\"twitter:data1\" content=\"1 minute\" \/>\n<script type=\"application\/ld+json\" class=\"yoast-schema-graph\">{\"@context\":\"https:\/\/schema.org\",\"@graph\":[{\"@type\":\"WebPage\",\"@id\":\"https:\/\/salon-ela.de\/security\/\",\"url\":\"https:\/\/salon-ela.de\/security\/\",\"name\":\"Sicherheit &#8211; Friseur Ela\",\"isPartOf\":{\"@id\":\"https:\/\/salon-ela.de\/uk\/#website\"},\"primaryImageOfPage\":{\"@id\":\"https:\/\/salon-ela.de\/security\/#primaryimage\"},\"image\":{\"@id\":\"https:\/\/salon-ela.de\/security\/#primaryimage\"},\"thumbnailUrl\":\"https:\/\/salon-ela.de\/\/wp-content\/uploads\/2025\/03\/dezinfekciya-instrumentov-parikmahera-1024x576.avif\",\"datePublished\":\"2025-03-21T23:09:17+00:00\",\"dateModified\":\"2025-03-23T10:50:55+00:00\",\"breadcrumb\":{\"@id\":\"https:\/\/salon-ela.de\/security\/#breadcrumb\"},\"inLanguage\":\"en-GB\",\"potentialAction\":[{\"@type\":\"ReadAction\",\"target\":[\"https:\/\/salon-ela.de\/security\/\"]}]},{\"@type\":\"ImageObject\",\"inLanguage\":\"en-GB\",\"@id\":\"https:\/\/salon-ela.de\/security\/#primaryimage\",\"url\":\"https:\/\/salon-ela.de\/\/wp-content\/uploads\/2025\/03\/dezinfekciya-instrumentov-parikmahera-1024x576.avif\",\"contentUrl\":\"https:\/\/salon-ela.de\/\/wp-content\/uploads\/2025\/03\/dezinfekciya-instrumentov-parikmahera-1024x576.avif\"},{\"@type\":\"BreadcrumbList\",\"@id\":\"https:\/\/salon-ela.de\/security\/#breadcrumb\",\"itemListElement\":[{\"@type\":\"ListItem\",\"position\":1,\"name\":\"Home\",\"item\":\"https:\/\/salon-ela.de\/uk\/\"},{\"@type\":\"ListItem\",\"position\":2,\"name\":\"Sicherheit\"}]},{\"@type\":\"WebSite\",\"@id\":\"https:\/\/salon-ela.de\/uk\/#website\",\"url\":\"https:\/\/salon-ela.de\/uk\/\",\"name\":\"Friseursalon Ela\",\"description\":\"Friseursalon Ela in Dortmund\",\"publisher\":{\"@id\":\"https:\/\/salon-ela.de\/uk\/#organization\"},\"potentialAction\":[{\"@type\":\"SearchAction\",\"target\":{\"@type\":\"EntryPoint\",\"urlTemplate\":\"https:\/\/salon-ela.de\/uk\/?s={search_term_string}\"},\"query-input\":{\"@type\":\"PropertyValueSpecification\",\"valueRequired\":true,\"valueName\":\"search_term_string\"}}],\"inLanguage\":\"en-GB\"},{\"@type\":\"Organization\",\"@id\":\"https:\/\/salon-ela.de\/uk\/#organization\",\"name\":\"Friseursalon Ela\",\"url\":\"https:\/\/salon-ela.de\/uk\/\",\"logo\":{\"@type\":\"ImageObject\",\"inLanguage\":\"en-GB\",\"@id\":\"https:\/\/salon-ela.de\/uk\/#\/schema\/logo\/image\/\",\"url\":\"https:\/\/salon-ela.de\/wp-content\/uploads\/2025\/02\/logoela.png\",\"contentUrl\":\"https:\/\/salon-ela.de\/wp-content\/uploads\/2025\/02\/logoela.png\",\"width\":60,\"height\":96,\"caption\":\"Friseursalon Ela\"},\"image\":{\"@id\":\"https:\/\/salon-ela.de\/uk\/#\/schema\/logo\/image\/\"},\"sameAs\":[\"https:\/\/www.facebook.com\/profile.php?id=100066531817981\",\"https:\/\/x.com\/friseursalonela\"]}]}<\/script>\n<!-- \/ Yoast SEO plugin. -->","yoast_head_json":{"title":"Sicherheit &#8211; Friseur Ela","robots":{"index":"index","follow":"follow","max-snippet":"max-snippet:-1","max-image-preview":"max-image-preview:large","max-video-preview":"max-video-preview:-1"},"canonical":"https:\/\/salon-ela.de\/en\/security\/","og_locale":"en_GB","og_type":"article","og_title":"Sicherheit &#8211; Friseur Ela","og_description":"Ihre Sicherheit und Gesundheit haben f\u00fcr uns h\u00f6chste Priorit\u00e4t. Deshalb treffen wir alle notwendigen Ma\u00dfnahmen, um Ihnen einen sicheren und angenehmen Aufenthalt in unserer Friseursalon zu gew\u00e4hrleisten. Unsere Hygienestandards: Verantwortungsvolle Dienstleistungen: Vielen Dank f\u00fcr Ihr Vertrauen in uns. Ihre Sicherheit und Zufriedenheit sind unser oberstes Ziel!","og_url":"https:\/\/salon-ela.de\/en\/security\/","og_site_name":"Friseur Ela","article_publisher":"https:\/\/www.facebook.com\/profile.php?id=100066531817981","article_modified_time":"2025-03-23T10:50:55+00:00","og_image":[{"url":"https:\/\/salon-ela.de\/\/wp-content\/uploads\/2025\/03\/dezinfekciya-instrumentov-parikmahera-1024x576.avif","type":"","width":"","height":""}],"twitter_card":"summary_large_image","twitter_site":"@friseursalonela","twitter_misc":{"Estimated reading time":"1 minute"},"schema":{"@context":"https:\/\/schema.org","@graph":[{"@type":"WebPage","@id":"https:\/\/salon-ela.de\/security\/","url":"https:\/\/salon-ela.de\/security\/","name":"Sicherheit &#8211; Friseur Ela","isPartOf":{"@id":"https:\/\/salon-ela.de\/uk\/#website"},"primaryImageOfPage":{"@id":"https:\/\/salon-ela.de\/security\/#primaryimage"},"image":{"@id":"https:\/\/salon-ela.de\/security\/#primaryimage"},"thumbnailUrl":"https:\/\/salon-ela.de\/\/wp-content\/uploads\/2025\/03\/dezinfekciya-instrumentov-parikmahera-1024x576.avif","datePublished":"2025-03-21T23:09:17+00:00","dateModified":"2025-03-23T10:50:55+00:00","breadcrumb":{"@id":"https:\/\/salon-ela.de\/security\/#breadcrumb"},"inLanguage":"en-GB","potentialAction":[{"@type":"ReadAction","target":["https:\/\/salon-ela.de\/security\/"]}]},{"@type":"ImageObject","inLanguage":"en-GB","@id":"https:\/\/salon-ela.de\/security\/#primaryimage","url":"https:\/\/salon-ela.de\/\/wp-content\/uploads\/2025\/03\/dezinfekciya-instrumentov-parikmahera-1024x576.avif","contentUrl":"https:\/\/salon-ela.de\/\/wp-content\/uploads\/2025\/03\/dezinfekciya-instrumentov-parikmahera-1024x576.avif"},{"@type":"BreadcrumbList","@id":"https:\/\/salon-ela.de\/security\/#breadcrumb","itemListElement":[{"@type":"ListItem","position":1,"name":"Home","item":"https:\/\/salon-ela.de\/uk\/"},{"@type":"ListItem","position":2,"name":"Sicherheit"}]},{"@type":"WebSite","@id":"https:\/\/salon-ela.de\/uk\/#website","url":"https:\/\/salon-ela.de\/uk\/","name":"Friseursalon Ela","description":"Friseursalon Ela in Dortmund","publisher":{"@id":"https:\/\/salon-ela.de\/uk\/#organization"},"potentialAction":[{"@type":"SearchAction","target":{"@type":"EntryPoint","urlTemplate":"https:\/\/salon-ela.de\/uk\/?s={search_term_string}"},"query-input":{"@type":"PropertyValueSpecification","valueRequired":true,"valueName":"search_term_string"}}],"inLanguage":"en-GB"},{"@type":"Organization","@id":"https:\/\/salon-ela.de\/uk\/#organization","name":"Friseursalon Ela","url":"https:\/\/salon-ela.de\/uk\/","logo":{"@type":"ImageObject","inLanguage":"en-GB","@id":"https:\/\/salon-ela.de\/uk\/#\/schema\/logo\/image\/","url":"https:\/\/salon-ela.de\/wp-content\/uploads\/2025\/02\/logoela.png","contentUrl":"https:\/\/salon-ela.de\/wp-content\/uploads\/2025\/02\/logoela.png","width":60,"height":96,"caption":"Friseursalon Ela"},"image":{"@id":"https:\/\/salon-ela.de\/uk\/#\/schema\/logo\/image\/"},"sameAs":["https:\/\/www.facebook.com\/profile.php?id=100066531817981","https:\/\/x.com\/friseursalonela"]}]}},"_links":{"self":[{"href":"https:\/\/salon-ela.de\/en\/wp-json\/wp\/v2\/pages\/535","targetHints":{"allow":["GET"]}}],"collection":[{"href":"https:\/\/salon-ela.de\/en\/wp-json\/wp\/v2\/pages"}],"about":[{"href":"https:\/\/salon-ela.de\/en\/wp-json\/wp\/v2\/types\/page"}],"author":[{"embeddable":true,"href":"https:\/\/salon-ela.de\/en\/wp-json\/wp\/v2\/users\/1"}],"replies":[{"embeddable":true,"href":"https:\/\/salon-ela.de\/en\/wp-json\/wp\/v2\/comments?post=535"}],"version-history":[{"count":0,"href":"https:\/\/salon-ela.de\/en\/wp-json\/wp\/v2\/pages\/535\/revisions"}],"wp:attachment":[{"href":"https:\/\/salon-ela.de\/en\/wp-json\/wp\/v2\/media?parent=535"}],"curies":[{"name":"wp","href":"https:\/\/api.w.org\/{rel}","templated":true}]}}