{"id":531,"date":"2025-03-22T02:04:44","date_gmt":"2025-03-21T23:04:44","guid":{"rendered":"https:\/\/salon-ela.orhandavidov.com\/?page_id=531"},"modified":"2025-03-23T13:40:30","modified_gmt":"2025-03-23T10:40:30","slug":"terms-of-use","status":"publish","type":"page","link":"https:\/\/salon-ela.de\/uk\/terms-of-use\/","title":{"rendered":"\u0423\u043c\u043e\u0432\u0438 \u0432\u0438\u043a\u043e\u0440\u0438\u0441\u0442\u0430\u043d\u043d\u044f"},"content":{"rendered":"<p><strong>\u0423\u043c\u043e\u0432\u0438 \u0432\u0438\u043a\u043e\u0440\u0438\u0441\u0442\u0430\u043d\u043d\u044f<\/strong><\/p>\n\n\n\n<p>\u041b\u0430\u0441\u043a\u0430\u0432\u043e \u043f\u0440\u043e\u0441\u0438\u043c\u043e \u043d\u0430 \u0441\u0430\u0439\u0442 \u043d\u0430\u0448\u043e\u0457 \u043f\u0435\u0440\u0443\u043a\u0430\u0440\u043d\u0456. \u041a\u043e\u0440\u0438\u0441\u0442\u0443\u044e\u0447\u0438\u0441\u044c \u0446\u0438\u043c \u0432\u0435\u0431-\u0441\u0430\u0439\u0442\u043e\u043c, \u0432\u0438 \u043f\u043e\u0433\u043e\u0434\u0436\u0443\u0454\u0442\u0435\u0441\u044f \u0437 \u043d\u0430\u0441\u0442\u0443\u043f\u043d\u0438\u043c\u0438 \u0443\u043c\u043e\u0432\u0430\u043c\u0438 \u0432\u0438\u043a\u043e\u0440\u0438\u0441\u0442\u0430\u043d\u043d\u044f. \u0411\u0443\u0434\u044c \u043b\u0430\u0441\u043a\u0430, \u043f\u0440\u043e\u0447\u0438\u0442\u0430\u0439\u0442\u0435 \u0457\u0445 \u0443\u0432\u0430\u0436\u043d\u043e.<\/p>\n\n\n\n<ol class=\"wp-block-list\">\n<li><strong>\u0417\u0430\u0433\u0430\u043b\u044c\u043d\u0456 \u043f\u043e\u043b\u043e\u0436\u0435\u043d\u043d\u044f<\/strong><\/li>\n<\/ol>\n\n\n\n<p>\u0426\u0435\u0439 \u0432\u0435\u0431-\u0441\u0430\u0439\u0442 \u043f\u0440\u0438\u0437\u043d\u0430\u0447\u0435\u043d\u0438\u0439 \u0434\u043b\u044f \u043d\u0430\u0434\u0430\u043d\u043d\u044f \u0456\u043d\u0444\u043e\u0440\u043c\u0430\u0446\u0456\u0457 \u043f\u0440\u043e \u043d\u0430\u0448\u0456 \u043f\u043e\u0441\u043b\u0443\u0433\u0438, \u0446\u0456\u043d\u0438 \u0442\u0430 \u043f\u0440\u043e\u043f\u043e\u0437\u0438\u0446\u0456\u0457. \u0412\u0435\u0441\u044c \u0432\u043c\u0456\u0441\u0442 \u043d\u0435 \u0454 \u043e\u0431\u043e\u0432\u2019\u044f\u0437\u043a\u043e\u0432\u0438\u043c \u0456 \u043c\u043e\u0436\u0435 \u0431\u0443\u0442\u0438 \u0437\u043c\u0456\u043d\u0435\u043d\u0438\u0439 \u0430\u0431\u043e \u043e\u043d\u043e\u0432\u043b\u0435\u043d\u0438\u0439 \u0443 \u0431\u0443\u0434\u044c-\u044f\u043a\u0438\u0439 \u0447\u0430\u0441.<\/p>\n\n\n\n<ol start=\"2\" class=\"wp-block-list\">\n<li><strong>\u041f\u0440\u0438\u0437\u043d\u0430\u0447\u0438\u0442\u0438 \u0437\u0443\u0441\u0442\u0440\u0456\u0447<\/strong><\/li>\n<\/ol>\n\n\n\n<p>\u041e\u043d\u043b\u0430\u0439\u043d-\u0437\u0430\u043f\u0438\u0441 \u043d\u0430 \u043f\u0440\u0438\u0439\u043e\u043c \u043c\u043e\u0436\u043b\u0438\u0432\u0438\u0439, \u0430\u043b\u0435 \u0432\u0456\u043d \u0454 \u043e\u0431\u043e\u0432\u2019\u044f\u0437\u043a\u043e\u0432\u0438\u043c \u043b\u0438\u0448\u0435 \u043f\u0456\u0441\u043b\u044f \u043f\u0438\u0441\u044c\u043c\u043e\u0432\u043e\u0433\u043e \u0430\u0431\u043e \u0442\u0435\u043b\u0435\u0444\u043e\u043d\u043d\u043e\u0433\u043e \u043f\u0456\u0434\u0442\u0432\u0435\u0440\u0434\u0436\u0435\u043d\u043d\u044f. \u0423 \u0440\u0430\u0437\u0456 \u043d\u0435\u0437\u0430\u0457\u0437\u0434\u0443 \u0430\u0431\u043e \u043a\u043e\u0440\u043e\u0442\u043a\u043e\u0441\u0442\u0440\u043e\u043a\u043e\u0432\u043e\u0433\u043e \u0441\u043a\u0430\u0441\u0443\u0432\u0430\u043d\u043d\u044f \u043c\u0438 \u0437\u0430\u043b\u0438\u0448\u0430\u0454\u043c\u043e \u0437\u0430 \u0441\u043e\u0431\u043e\u044e \u043f\u0440\u0430\u0432\u043e \u0441\u0442\u044f\u0433\u043d\u0443\u0442\u0438 \u043f\u043b\u0430\u0442\u0443 \u0437\u0430 \u0441\u043a\u0430\u0441\u0443\u0432\u0430\u043d\u043d\u044f.<\/p>\n\n\n\n<ol start=\"3\" class=\"wp-block-list\">\n<li><strong>\u0426\u0456\u043d\u0438 \u0442\u0430 \u0443\u043c\u043e\u0432\u0438 \u043e\u043f\u043b\u0430\u0442\u0438<\/strong><\/li>\n<\/ol>\n\n\n\n<p>\u0423\u0441\u0456 \u0446\u0456\u043d\u0438, \u0432\u043a\u0430\u0437\u0430\u043d\u0456 \u043d\u0430 \u0441\u0430\u0439\u0442\u0456, \u0432\u043a\u043b\u044e\u0447\u0430\u044e\u0442\u044c \u041f\u0414\u0412. \u0426\u0456\u043d\u0438 \u043c\u043e\u0436\u0443\u0442\u044c \u0431\u0443\u0442\u0438 \u0437\u043c\u0456\u043d\u0435\u043d\u0456. \u041e\u043f\u043b\u0430\u0442\u0430 \u0437\u0434\u0456\u0439\u0441\u043d\u044e\u0454\u0442\u044c\u0441\u044f \u0431\u0435\u0437\u043f\u043e\u0441\u0435\u0440\u0435\u0434\u043d\u044c\u043e \u0432 \u0441\u0430\u043b\u043e\u043d\u0456 \u0456 \u043c\u043e\u0436\u0435 \u0431\u0443\u0442\u0438 \u0437\u0434\u0456\u0439\u0441\u043d\u0435\u043d\u0430 \u0433\u043e\u0442\u0456\u0432\u043a\u043e\u044e \u0430\u0431\u043e \u0437\u0432\u0438\u0447\u0430\u0439\u043d\u0438\u043c\u0438 \u0441\u043f\u043e\u0441\u043e\u0431\u0430\u043c\u0438 \u043e\u043f\u043b\u0430\u0442\u0438.<\/p>\n\n\n\n<ol start=\"4\" class=\"wp-block-list\">\n<li><strong>\u0412\u0456\u0434\u043c\u043e\u0432\u0430 \u0432\u0456\u0434 \u0432\u0456\u0434\u043f\u043e\u0432\u0456\u0434\u0430\u043b\u044c\u043d\u043e\u0441\u0442\u0456<\/strong><\/li>\n<\/ol>\n\n\n\n<p>\u041c\u0438 \u043d\u0435 \u043d\u0435\u0441\u0435\u043c\u043e \u0432\u0456\u0434\u043f\u043e\u0432\u0456\u0434\u0430\u043b\u044c\u043d\u043e\u0441\u0442\u0456 \u0437\u0430 \u0431\u0443\u0434\u044c-\u044f\u043a\u0456 \u0437\u0431\u0438\u0442\u043a\u0438, \u0441\u043f\u0440\u0438\u0447\u0438\u043d\u0435\u043d\u0456 \u0432\u0438\u043a\u043e\u0440\u0438\u0441\u0442\u0430\u043d\u043d\u044f\u043c \u0446\u044c\u043e\u0433\u043e \u0432\u0435\u0431-\u0441\u0430\u0439\u0442\u0443 \u0430\u0431\u043e \u0432\u0438\u043a\u043e\u0440\u0438\u0441\u0442\u0430\u043d\u043d\u044f\u043c \u043d\u0430\u0448\u0438\u0445 \u043f\u043e\u0441\u043b\u0443\u0433. \u041c\u0438 \u0442\u0430\u043a\u043e\u0436 \u043d\u0435 \u043d\u0435\u0441\u0435\u043c\u043e \u0432\u0456\u0434\u043f\u043e\u0432\u0456\u0434\u0430\u043b\u044c\u043d\u043e\u0441\u0442\u0456 \u0437\u0430 \u0432\u043c\u0456\u0441\u0442 \u0437\u043e\u0432\u043d\u0456\u0448\u043d\u0456\u0445 \u043f\u043e\u0441\u0438\u043b\u0430\u043d\u044c.\nMy ne nesemo vidp<\/p>\n\n\n\n<ol start=\"5\" class=\"wp-block-list\">\n<li><strong>\u0417\u0430\u0445\u0438\u0441\u0442 \u0434\u0430\u043d\u0438\u0445<\/strong><\/li>\n<\/ol>\n\n\n\n<p>\u041c\u0438 \u043e\u0431\u0440\u043e\u0431\u043b\u044f\u0454\u043c\u043e \u0432\u0430\u0448\u0456 \u043f\u0435\u0440\u0441\u043e\u043d\u0430\u043b\u044c\u043d\u0456 \u0434\u0430\u043d\u0456 \u043a\u043e\u043d\u0444\u0456\u0434\u0435\u043d\u0446\u0456\u0439\u043d\u043e \u0442\u0430 \u0432\u0456\u0434\u043f\u043e\u0432\u0456\u0434\u043d\u043e \u0434\u043e \u0437\u0430\u043a\u043e\u043d\u043e\u0434\u0430\u0432\u0447\u0438\u0445 \u043d\u043e\u0440\u043c \u0437\u0430\u0445\u0438\u0441\u0442\u0443 \u0434\u0430\u043d\u0438\u0445. \u0414\u043b\u044f \u043e\u0442\u0440\u0438\u043c\u0430\u043d\u043d\u044f \u0434\u043e\u0434\u0430\u0442\u043a\u043e\u0432\u043e\u0457 \u0456\u043d\u0444\u043e\u0440\u043c\u0430\u0446\u0456\u0457 \u043f\u0435\u0440\u0435\u0433\u043b\u044f\u043d\u044c\u0442\u0435 \u043d\u0430\u0448\u0443 \u043f\u043e\u043b\u0456\u0442\u0438\u043a\u0443 \u043a\u043e\u043d\u0444\u0456\u0434\u0435\u043d\u0446\u0456\u0439\u043d\u043e\u0441\u0442\u0456.<\/p>\n\n\n\n<ol start=\"6\" class=\"wp-block-list\">\n<li><strong>\u0417\u0430\u043a\u043b\u044e\u0447\u043d\u0456 \u043f\u043e\u043b\u043e\u0436\u0435\u043d\u043d\u044f<\/strong><\/li>\n<\/ol>\n\n\n\n<p>\u042f\u043a\u0449\u043e \u043e\u043a\u0440\u0435\u043c\u0456 \u043f\u043e\u043b\u043e\u0436\u0435\u043d\u043d\u044f \u0446\u0438\u0445 \u0443\u043c\u043e\u0432 \u0432\u0438\u043a\u043e\u0440\u0438\u0441\u0442\u0430\u043d\u043d\u044f \u0454 \u0430\u0431\u043e \u0441\u0442\u0430\u044e\u0442\u044c \u043d\u0435\u0435\u0444\u0435\u043a\u0442\u0438\u0432\u043d\u0438\u043c\u0438, \u0435\u0444\u0435\u043a\u0442\u0438\u0432\u043d\u0456\u0441\u0442\u044c \u0440\u0435\u0448\u0442\u0438 \u043f\u043e\u043b\u043e\u0436\u0435\u043d\u044c \u0437\u0430\u043b\u0438\u0448\u0430\u0454\u0442\u044c\u0441\u044f \u043d\u0435\u0437\u043c\u0456\u043d\u043d\u043e\u044e. \u0417\u0430\u0441\u0442\u043e\u0441\u043e\u0432\u0443\u0454\u0442\u044c\u0441\u044f \u0437\u0430\u043a\u043e\u043d\u043e\u0434\u0430\u0432\u0441\u0442\u0432\u043e \u0424\u0435\u0434\u0435\u0440\u0430\u0442\u0438\u0432\u043d\u043e\u0457 \u0420\u0435\u0441\u043f\u0443\u0431\u043b\u0456\u043a\u0438 \u041d\u0456\u043c\u0435\u0447\u0447\u0438\u043d\u0430.<\/p>\n\n\n\n<p>\u042f\u043a\u0449\u043e \u0443 \u0432\u0430\u0441 \u0454 \u0437\u0430\u043f\u0438\u0442\u0430\u043d\u043d\u044f \u0447\u0438 \u043a\u043e\u043c\u0435\u043d\u0442\u0430\u0440\u0456, \u0431\u0443\u0434\u044c \u043b\u0430\u0441\u043a\u0430, \u0437\u0432\u2019\u044f\u0436\u0456\u0442\u044c\u0441\u044f \u0437 \u043d\u0430\u043c\u0438.<\/p>\n\n\n\n<p>\u0414\u044f\u043a\u0443\u0454\u043c\u043e \u0437\u0430 \u0434\u043e\u0432\u0456\u0440\u0443!<\/p>","protected":false},"excerpt":{"rendered":"<p>Nutzungsbedingungen Willkommen auf der Website unseres Friseursalons. Durch die Nutzung dieser Website erkl\u00e4ren Sie sich mit den folgenden Nutzungsbedingungen einverstanden. Bitte lesen Sie diese sorgf\u00e4ltig durch. Diese Website dient der Bereitstellung von Informationen \u00fcber unsere Dienstleistungen, Preise und Angebote. Alle Inhalte sind unverbindlich und k\u00f6nnen jederzeit ge\u00e4ndert oder aktualisiert werden. Online-Terminbuchungen sind m\u00f6glich, jedoch erst [&hellip;]<\/p>","protected":false},"author":1,"featured_media":0,"parent":0,"menu_order":0,"comment_status":"closed","ping_status":"closed","template":"templates\/terms-of-use.php","meta":{"footnotes":""},"class_list":["post-531","page","type-page","status-publish","hentry"],"acf":[],"yoast_head":"<!-- This site is optimized with the Yoast SEO plugin v26.4 - https:\/\/yoast.com\/wordpress\/plugins\/seo\/ -->\n<title>Nutzungsbedingungen &#8211; Friseur Ela<\/title>\n<meta name=\"robots\" content=\"index, follow, max-snippet:-1, max-image-preview:large, max-video-preview:-1\" \/>\n<link rel=\"canonical\" href=\"https:\/\/salon-ela.de\/uk\/terms-of-use\/\" \/>\n<meta property=\"og:locale\" content=\"uk_UA\" \/>\n<meta property=\"og:type\" content=\"article\" \/>\n<meta property=\"og:title\" content=\"Nutzungsbedingungen &#8211; Friseur Ela\" \/>\n<meta property=\"og:description\" content=\"Nutzungsbedingungen Willkommen auf der Website unseres Friseursalons. Durch die Nutzung dieser Website erkl\u00e4ren Sie sich mit den folgenden Nutzungsbedingungen einverstanden. Bitte lesen Sie diese sorgf\u00e4ltig durch. Diese Website dient der Bereitstellung von Informationen \u00fcber unsere Dienstleistungen, Preise und Angebote. Alle Inhalte sind unverbindlich und k\u00f6nnen jederzeit ge\u00e4ndert oder aktualisiert werden. Online-Terminbuchungen sind m\u00f6glich, jedoch erst [&hellip;]\" \/>\n<meta property=\"og:url\" content=\"https:\/\/salon-ela.de\/uk\/terms-of-use\/\" \/>\n<meta property=\"og:site_name\" content=\"Friseur Ela\" \/>\n<meta property=\"article:publisher\" content=\"https:\/\/www.facebook.com\/profile.php?id=100066531817981\" \/>\n<meta property=\"article:modified_time\" content=\"2025-03-23T10:40:30+00:00\" \/>\n<meta name=\"twitter:card\" content=\"summary_large_image\" \/>\n<meta name=\"twitter:site\" content=\"@friseursalonela\" \/>\n<meta name=\"twitter:label1\" content=\"\u041f\u0440\u0438\u0431\u043b. \u0447\u0430\u0441 \u0447\u0438\u0442\u0430\u043d\u043d\u044f\" \/>\n\t<meta name=\"twitter:data1\" content=\"1 \u0445\u0432\u0438\u043b\u0438\u043d\u0430\" \/>\n<script type=\"application\/ld+json\" class=\"yoast-schema-graph\">{\"@context\":\"https:\/\/schema.org\",\"@graph\":[{\"@type\":\"WebPage\",\"@id\":\"https:\/\/salon-ela.de\/terms-of-use\/\",\"url\":\"https:\/\/salon-ela.de\/terms-of-use\/\",\"name\":\"Nutzungsbedingungen &#8211; Friseur Ela\",\"isPartOf\":{\"@id\":\"https:\/\/salon-ela.de\/uk\/#website\"},\"datePublished\":\"2025-03-21T23:04:44+00:00\",\"dateModified\":\"2025-03-23T10:40:30+00:00\",\"breadcrumb\":{\"@id\":\"https:\/\/salon-ela.de\/terms-of-use\/#breadcrumb\"},\"inLanguage\":\"uk\",\"potentialAction\":[{\"@type\":\"ReadAction\",\"target\":[\"https:\/\/salon-ela.de\/terms-of-use\/\"]}]},{\"@type\":\"BreadcrumbList\",\"@id\":\"https:\/\/salon-ela.de\/terms-of-use\/#breadcrumb\",\"itemListElement\":[{\"@type\":\"ListItem\",\"position\":1,\"name\":\"Home\",\"item\":\"https:\/\/salon-ela.de\/uk\/\"},{\"@type\":\"ListItem\",\"position\":2,\"name\":\"Nutzungsbedingungen\"}]},{\"@type\":\"WebSite\",\"@id\":\"https:\/\/salon-ela.de\/uk\/#website\",\"url\":\"https:\/\/salon-ela.de\/uk\/\",\"name\":\"Friseursalon Ela\",\"description\":\"Friseursalon Ela in Dortmund\",\"publisher\":{\"@id\":\"https:\/\/salon-ela.de\/uk\/#organization\"},\"potentialAction\":[{\"@type\":\"SearchAction\",\"target\":{\"@type\":\"EntryPoint\",\"urlTemplate\":\"https:\/\/salon-ela.de\/uk\/?s={search_term_string}\"},\"query-input\":{\"@type\":\"PropertyValueSpecification\",\"valueRequired\":true,\"valueName\":\"search_term_string\"}}],\"inLanguage\":\"uk\"},{\"@type\":\"Organization\",\"@id\":\"https:\/\/salon-ela.de\/uk\/#organization\",\"name\":\"Friseursalon Ela\",\"url\":\"https:\/\/salon-ela.de\/uk\/\",\"logo\":{\"@type\":\"ImageObject\",\"inLanguage\":\"uk\",\"@id\":\"https:\/\/salon-ela.de\/uk\/#\/schema\/logo\/image\/\",\"url\":\"https:\/\/salon-ela.de\/wp-content\/uploads\/2025\/02\/logoela.png\",\"contentUrl\":\"https:\/\/salon-ela.de\/wp-content\/uploads\/2025\/02\/logoela.png\",\"width\":60,\"height\":96,\"caption\":\"Friseursalon Ela\"},\"image\":{\"@id\":\"https:\/\/salon-ela.de\/uk\/#\/schema\/logo\/image\/\"},\"sameAs\":[\"https:\/\/www.facebook.com\/profile.php?id=100066531817981\",\"https:\/\/x.com\/friseursalonela\"]}]}<\/script>\n<!-- \/ Yoast SEO plugin. -->","yoast_head_json":{"title":"Nutzungsbedingungen &#8211; Friseur Ela","robots":{"index":"index","follow":"follow","max-snippet":"max-snippet:-1","max-image-preview":"max-image-preview:large","max-video-preview":"max-video-preview:-1"},"canonical":"https:\/\/salon-ela.de\/uk\/terms-of-use\/","og_locale":"uk_UA","og_type":"article","og_title":"Nutzungsbedingungen &#8211; Friseur Ela","og_description":"Nutzungsbedingungen Willkommen auf der Website unseres Friseursalons. Durch die Nutzung dieser Website erkl\u00e4ren Sie sich mit den folgenden Nutzungsbedingungen einverstanden. Bitte lesen Sie diese sorgf\u00e4ltig durch. Diese Website dient der Bereitstellung von Informationen \u00fcber unsere Dienstleistungen, Preise und Angebote. Alle Inhalte sind unverbindlich und k\u00f6nnen jederzeit ge\u00e4ndert oder aktualisiert werden. Online-Terminbuchungen sind m\u00f6glich, jedoch erst [&hellip;]","og_url":"https:\/\/salon-ela.de\/uk\/terms-of-use\/","og_site_name":"Friseur Ela","article_publisher":"https:\/\/www.facebook.com\/profile.php?id=100066531817981","article_modified_time":"2025-03-23T10:40:30+00:00","twitter_card":"summary_large_image","twitter_site":"@friseursalonela","twitter_misc":{"\u041f\u0440\u0438\u0431\u043b. \u0447\u0430\u0441 \u0447\u0438\u0442\u0430\u043d\u043d\u044f":"1 \u0445\u0432\u0438\u043b\u0438\u043d\u0430"},"schema":{"@context":"https:\/\/schema.org","@graph":[{"@type":"WebPage","@id":"https:\/\/salon-ela.de\/terms-of-use\/","url":"https:\/\/salon-ela.de\/terms-of-use\/","name":"Nutzungsbedingungen &#8211; Friseur Ela","isPartOf":{"@id":"https:\/\/salon-ela.de\/uk\/#website"},"datePublished":"2025-03-21T23:04:44+00:00","dateModified":"2025-03-23T10:40:30+00:00","breadcrumb":{"@id":"https:\/\/salon-ela.de\/terms-of-use\/#breadcrumb"},"inLanguage":"uk","potentialAction":[{"@type":"ReadAction","target":["https:\/\/salon-ela.de\/terms-of-use\/"]}]},{"@type":"BreadcrumbList","@id":"https:\/\/salon-ela.de\/terms-of-use\/#breadcrumb","itemListElement":[{"@type":"ListItem","position":1,"name":"Home","item":"https:\/\/salon-ela.de\/uk\/"},{"@type":"ListItem","position":2,"name":"Nutzungsbedingungen"}]},{"@type":"WebSite","@id":"https:\/\/salon-ela.de\/uk\/#website","url":"https:\/\/salon-ela.de\/uk\/","name":"Friseursalon Ela","description":"Friseursalon Ela in Dortmund","publisher":{"@id":"https:\/\/salon-ela.de\/uk\/#organization"},"potentialAction":[{"@type":"SearchAction","target":{"@type":"EntryPoint","urlTemplate":"https:\/\/salon-ela.de\/uk\/?s={search_term_string}"},"query-input":{"@type":"PropertyValueSpecification","valueRequired":true,"valueName":"search_term_string"}}],"inLanguage":"uk"},{"@type":"Organization","@id":"https:\/\/salon-ela.de\/uk\/#organization","name":"Friseursalon Ela","url":"https:\/\/salon-ela.de\/uk\/","logo":{"@type":"ImageObject","inLanguage":"uk","@id":"https:\/\/salon-ela.de\/uk\/#\/schema\/logo\/image\/","url":"https:\/\/salon-ela.de\/wp-content\/uploads\/2025\/02\/logoela.png","contentUrl":"https:\/\/salon-ela.de\/wp-content\/uploads\/2025\/02\/logoela.png","width":60,"height":96,"caption":"Friseursalon Ela"},"image":{"@id":"https:\/\/salon-ela.de\/uk\/#\/schema\/logo\/image\/"},"sameAs":["https:\/\/www.facebook.com\/profile.php?id=100066531817981","https:\/\/x.com\/friseursalonela"]}]}},"_links":{"self":[{"href":"https:\/\/salon-ela.de\/uk\/wp-json\/wp\/v2\/pages\/531","targetHints":{"allow":["GET"]}}],"collection":[{"href":"https:\/\/salon-ela.de\/uk\/wp-json\/wp\/v2\/pages"}],"about":[{"href":"https:\/\/salon-ela.de\/uk\/wp-json\/wp\/v2\/types\/page"}],"author":[{"embeddable":true,"href":"https:\/\/salon-ela.de\/uk\/wp-json\/wp\/v2\/users\/1"}],"replies":[{"embeddable":true,"href":"https:\/\/salon-ela.de\/uk\/wp-json\/wp\/v2\/comments?post=531"}],"version-history":[{"count":0,"href":"https:\/\/salon-ela.de\/uk\/wp-json\/wp\/v2\/pages\/531\/revisions"}],"wp:attachment":[{"href":"https:\/\/salon-ela.de\/uk\/wp-json\/wp\/v2\/media?parent=531"}],"curies":[{"name":"wp","href":"https:\/\/api.w.org\/{rel}","templated":true}]}}