{"id":535,"date":"2025-03-22T02:09:17","date_gmt":"2025-03-21T23:09:17","guid":{"rendered":"https:\/\/salon-ela.orhandavidov.com\/?page_id=535"},"modified":"2025-03-23T13:50:55","modified_gmt":"2025-03-23T10:50:55","slug":"security","status":"publish","type":"page","link":"https:\/\/salon-ela.de\/uk\/security\/","title":{"rendered":"\u0411\u0435\u0437\u043f\u0435\u043a\u0430"},"content":{"rendered":"<figure class=\"wp-block-image size-large\"><img loading=\"lazy\" decoding=\"async\" width=\"1024\" height=\"576\" src=\"https:\/\/salon-ela.de\/\/wp-content\/uploads\/2025\/03\/dezinfekciya-instrumentov-parikmahera-1024x576.avif\" alt=\"\" class=\"wp-image-566\" srcset=\"https:\/\/salon-ela.de\/wp-content\/uploads\/2025\/03\/dezinfekciya-instrumentov-parikmahera-1024x576.avif 1024w, https:\/\/salon-ela.de\/wp-content\/uploads\/2025\/03\/dezinfekciya-instrumentov-parikmahera-300x169.avif 300w, https:\/\/salon-ela.de\/wp-content\/uploads\/2025\/03\/dezinfekciya-instrumentov-parikmahera-768x432.avif 768w, https:\/\/salon-ela.de\/wp-content\/uploads\/2025\/03\/dezinfekciya-instrumentov-parikmahera-18x10.avif 18w, https:\/\/salon-ela.de\/wp-content\/uploads\/2025\/03\/dezinfekciya-instrumentov-parikmahera.avif 1100w\" sizes=\"auto, (max-width: 1024px) 100vw, 1024px\" \/><\/figure>\n\n\n\n<p>\u0412\u0430\u0448\u0430 \u0431\u0435\u0437\u043f\u0435\u043a\u0430 \u0442\u0430 \u0437\u0434\u043e\u0440\u043e\u0432'\u044f \u0454 \u043d\u0430\u0448\u0438\u043c \u0433\u043e\u043b\u043e\u0432\u043d\u0438\u043c \u043f\u0440\u0456\u043e\u0440\u0438\u0442\u0435\u0442\u043e\u043c. \u0422\u043e\u043c\u0443 \u043c\u0438 \u0432\u0436\u0438\u0432\u0430\u0454\u043c\u043e \u0432\u0441\u0456\u0445 \u043d\u0435\u043e\u0431\u0445\u0456\u0434\u043d\u0438\u0445 \u0437\u0430\u0445\u043e\u0434\u0456\u0432, \u0449\u043e\u0431 \u0437\u0430\u0431\u0435\u0437\u043f\u0435\u0447\u0438\u0442\u0438 \u0412\u0430\u043c \u0431\u0435\u0437\u043f\u0435\u0447\u043d\u0435 \u0442\u0430 \u043f\u0440\u0438\u0454\u043c\u043d\u0435 \u043f\u0435\u0440\u0435\u0431\u0443\u0432\u0430\u043d\u043d\u044f \u0432 \u043d\u0430\u0448\u0456\u0439 \u043f\u0435\u0440\u0443\u043a\u0430\u0440\u043d\u0456.<\/p>\n\n\n\n<p><strong>\u041d\u0430\u0448\u0456 \u0441\u0442\u0430\u043d\u0434\u0430\u0440\u0442\u0438 \u0433\u0456\u0433\u0456\u0454\u043d\u0438:<\/strong><\/p>\n\n\n\n<ul class=\"wp-block-list\">\n<li>\u0423\u0441\u0456 \u043d\u0430\u0448\u0456 \u0456\u043d\u0441\u0442\u0440\u0443\u043c\u0435\u043d\u0442\u0438 \u0442\u0430 \u043e\u0431\u043b\u0430\u0434\u043d\u0430\u043d\u043d\u044f \u0440\u0435\u0442\u0435\u043b\u044c\u043d\u043e \u0434\u0435\u0437\u0456\u043d\u0444\u0456\u043a\u0443\u044e\u0442\u044c\u0441\u044f \u043f\u0456\u0441\u043b\u044f \u043a\u043e\u0436\u043d\u043e\u0433\u043e \u0432\u0438\u043a\u043e\u0440\u0438\u0441\u0442\u0430\u043d\u043d\u044f.<\/li>\n\n\n\n<li>\u041c\u0438 \u0432\u0438\u043a\u043e\u0440\u0438\u0441\u0442\u043e\u0432\u0443\u0454\u043c\u043e \u0442\u0456\u043b\u044c\u043a\u0438 \u044f\u043a\u0456\u0441\u043d\u0456 \u0442\u0430 \u0433\u0456\u0433\u0456\u0454\u043d\u0456\u0447\u043d\u0456 \u0437\u0430\u0441\u043e\u0431\u0438.<\/li>\n\n\n\n<li>\u041d\u0430\u0448 \u043f\u0435\u0440\u0441\u043e\u043d\u0430\u043b \u043d\u043e\u0441\u0438\u0442\u044c \u043c\u0430\u0441\u043a\u0438 \u0442\u0430 \u0440\u0443\u043a\u0430\u0432\u0438\u0447\u043a\u0438 \u043f\u0456\u0434 \u0447\u0430\u0441 \u043e\u0431\u0441\u043b\u0443\u0433\u043e\u0432\u0443\u0432\u0430\u043d\u043d\u044f, \u0449\u043e\u0431 \u043c\u0456\u043d\u0456\u043c\u0456\u0437\u0443\u0432\u0430\u0442\u0438 \u0440\u0438\u0437\u0438\u043a \u043f\u0435\u0440\u0435\u0445\u0440\u0435\u0441\u043d\u043e\u0433\u043e \u0437\u0430\u0440\u0430\u0436\u0435\u043d\u043d\u044f.<\/li>\n\n\n\n<li>\u0421\u0430\u043b\u043e\u043d \u0440\u0435\u0433\u0443\u043b\u044f\u0440\u043d\u043e \u043f\u0440\u0438\u0431\u0438\u0440\u0430\u0454\u0442\u044c\u0441\u044f \u0434\u043b\u044f \u0437\u0430\u0431\u0435\u0437\u043f\u0435\u0447\u0435\u043d\u043d\u044f \u043d\u0430\u0439\u0432\u0438\u0449\u0438\u0445 \u0441\u0442\u0430\u043d\u0434\u0430\u0440\u0442\u0456\u0432 \u0433\u0456\u0433\u0456\u0454\u043d\u0438.<\/li>\n<\/ul>\n\n\n\n<p><strong>\u0412\u0456\u0434\u043f\u043e\u0432\u0456\u0434\u0430\u043b\u044c\u043d\u0456 \u0441\u043b\u0443\u0436\u0431\u0438:<\/strong><\/p>\n\n\n\n<ul class=\"wp-block-list\">\n<li>\u041c\u0438 \u0433\u0430\u0440\u0430\u043d\u0442\u0443\u0454\u043c\u043e, \u0449\u043e \u0432\u0441\u0456 \u043f\u0440\u043e\u0434\u0443\u043a\u0442\u0438, \u044f\u043a\u0456 \u043c\u0438 \u0432\u0438\u043a\u043e\u0440\u0438\u0441\u0442\u043e\u0432\u0443\u0454\u043c\u043e, \u0431\u0435\u0437\u043f\u0435\u0447\u043d\u0456 \u0442\u0430 \u043f\u0456\u0434\u0445\u043e\u0434\u044f\u0442\u044c \u0434\u043b\u044f \u0432\u0441\u0456\u0445 \u0442\u0438\u043f\u0456\u0432 \u0448\u043a\u0456\u0440\u0438.<\/li>\n\n\n\n<li>\u041d\u0430\u0448\u0456 \u043f\u0435\u0440\u0443\u043a\u0430\u0440\u0456 \u0434\u043e\u0431\u0440\u0435 \u043d\u0430\u0432\u0447\u0435\u043d\u0456 \u0442\u0430 \u043f\u0440\u0438\u0434\u0456\u043b\u044f\u044e\u0442\u044c \u0443\u0432\u0430\u0433\u0443 \u0432\u0430\u0448\u0438\u043c \u0456\u043d\u0434\u0438\u0432\u0456\u0434\u0443\u0430\u043b\u044c\u043d\u0438\u043c \u043f\u043e\u0442\u0440\u0435\u0431\u0430\u043c \u0456 \u043f\u043e\u0431\u0430\u0436\u0430\u043d\u043d\u044f\u043c.<\/li>\n<\/ul>\n\n\n\n<p>\u0414\u044f\u043a\u0443\u0454\u043c\u043e \u0437\u0430 \u0434\u043e\u0432\u0456\u0440\u0443 \u0434\u043e \u043d\u0430\u0441. \u0412\u0430\u0448\u0430 \u0431\u0435\u0437\u043f\u0435\u043a\u0430 \u0442\u0430 \u0437\u0430\u0434\u043e\u0432\u043e\u043b\u0435\u043d\u043d\u044f \u0454 \u043d\u0430\u0448\u0438\u043c \u0433\u043e\u043b\u043e\u0432\u043d\u0438\u043c \u043f\u0440\u0456\u043e\u0440\u0438\u0442\u0435\u0442\u043e\u043c!<\/p>","protected":false},"excerpt":{"rendered":"<p>Ihre Sicherheit und Gesundheit haben f\u00fcr uns h\u00f6chste Priorit\u00e4t. Deshalb treffen wir alle notwendigen Ma\u00dfnahmen, um Ihnen einen sicheren und angenehmen Aufenthalt in unserer Friseursalon zu gew\u00e4hrleisten. Unsere Hygienestandards: Verantwortungsvolle Dienstleistungen: Vielen Dank f\u00fcr Ihr Vertrauen in uns. Ihre Sicherheit und Zufriedenheit sind unser oberstes Ziel!<\/p>","protected":false},"author":1,"featured_media":0,"parent":0,"menu_order":0,"comment_status":"closed","ping_status":"closed","template":"templates\/security.php","meta":{"footnotes":""},"class_list":["post-535","page","type-page","status-publish","hentry"],"acf":[],"yoast_head":"<!-- This site is optimized with the Yoast SEO plugin v26.4 - https:\/\/yoast.com\/wordpress\/plugins\/seo\/ -->\n<title>Sicherheit &#8211; Friseur Ela<\/title>\n<meta name=\"robots\" content=\"index, follow, max-snippet:-1, max-image-preview:large, max-video-preview:-1\" \/>\n<link rel=\"canonical\" href=\"https:\/\/salon-ela.de\/uk\/security\/\" \/>\n<meta property=\"og:locale\" content=\"uk_UA\" \/>\n<meta property=\"og:type\" content=\"article\" \/>\n<meta property=\"og:title\" content=\"Sicherheit &#8211; Friseur Ela\" \/>\n<meta property=\"og:description\" content=\"Ihre Sicherheit und Gesundheit haben f\u00fcr uns h\u00f6chste Priorit\u00e4t. Deshalb treffen wir alle notwendigen Ma\u00dfnahmen, um Ihnen einen sicheren und angenehmen Aufenthalt in unserer Friseursalon zu gew\u00e4hrleisten. Unsere Hygienestandards: Verantwortungsvolle Dienstleistungen: Vielen Dank f\u00fcr Ihr Vertrauen in uns. Ihre Sicherheit und Zufriedenheit sind unser oberstes Ziel!\" \/>\n<meta property=\"og:url\" content=\"https:\/\/salon-ela.de\/uk\/security\/\" \/>\n<meta property=\"og:site_name\" content=\"Friseur Ela\" \/>\n<meta property=\"article:publisher\" content=\"https:\/\/www.facebook.com\/profile.php?id=100066531817981\" \/>\n<meta property=\"article:modified_time\" content=\"2025-03-23T10:50:55+00:00\" \/>\n<meta property=\"og:image\" content=\"https:\/\/salon-ela.de\/\/wp-content\/uploads\/2025\/03\/dezinfekciya-instrumentov-parikmahera-1024x576.avif\" \/>\n<meta name=\"twitter:card\" content=\"summary_large_image\" \/>\n<meta name=\"twitter:site\" content=\"@friseursalonela\" \/>\n<meta name=\"twitter:label1\" content=\"\u041f\u0440\u0438\u0431\u043b. \u0447\u0430\u0441 \u0447\u0438\u0442\u0430\u043d\u043d\u044f\" \/>\n\t<meta name=\"twitter:data1\" content=\"1 \u0445\u0432\u0438\u043b\u0438\u043d\u0430\" \/>\n<script type=\"application\/ld+json\" class=\"yoast-schema-graph\">{\"@context\":\"https:\/\/schema.org\",\"@graph\":[{\"@type\":\"WebPage\",\"@id\":\"https:\/\/salon-ela.de\/security\/\",\"url\":\"https:\/\/salon-ela.de\/security\/\",\"name\":\"Sicherheit &#8211; Friseur Ela\",\"isPartOf\":{\"@id\":\"https:\/\/salon-ela.de\/uk\/#website\"},\"primaryImageOfPage\":{\"@id\":\"https:\/\/salon-ela.de\/security\/#primaryimage\"},\"image\":{\"@id\":\"https:\/\/salon-ela.de\/security\/#primaryimage\"},\"thumbnailUrl\":\"https:\/\/salon-ela.de\/\/wp-content\/uploads\/2025\/03\/dezinfekciya-instrumentov-parikmahera-1024x576.avif\",\"datePublished\":\"2025-03-21T23:09:17+00:00\",\"dateModified\":\"2025-03-23T10:50:55+00:00\",\"breadcrumb\":{\"@id\":\"https:\/\/salon-ela.de\/security\/#breadcrumb\"},\"inLanguage\":\"uk\",\"potentialAction\":[{\"@type\":\"ReadAction\",\"target\":[\"https:\/\/salon-ela.de\/security\/\"]}]},{\"@type\":\"ImageObject\",\"inLanguage\":\"uk\",\"@id\":\"https:\/\/salon-ela.de\/security\/#primaryimage\",\"url\":\"https:\/\/salon-ela.de\/\/wp-content\/uploads\/2025\/03\/dezinfekciya-instrumentov-parikmahera-1024x576.avif\",\"contentUrl\":\"https:\/\/salon-ela.de\/\/wp-content\/uploads\/2025\/03\/dezinfekciya-instrumentov-parikmahera-1024x576.avif\"},{\"@type\":\"BreadcrumbList\",\"@id\":\"https:\/\/salon-ela.de\/security\/#breadcrumb\",\"itemListElement\":[{\"@type\":\"ListItem\",\"position\":1,\"name\":\"Home\",\"item\":\"https:\/\/salon-ela.de\/uk\/\"},{\"@type\":\"ListItem\",\"position\":2,\"name\":\"Sicherheit\"}]},{\"@type\":\"WebSite\",\"@id\":\"https:\/\/salon-ela.de\/uk\/#website\",\"url\":\"https:\/\/salon-ela.de\/uk\/\",\"name\":\"Friseursalon Ela\",\"description\":\"Friseursalon Ela in Dortmund\",\"publisher\":{\"@id\":\"https:\/\/salon-ela.de\/uk\/#organization\"},\"potentialAction\":[{\"@type\":\"SearchAction\",\"target\":{\"@type\":\"EntryPoint\",\"urlTemplate\":\"https:\/\/salon-ela.de\/uk\/?s={search_term_string}\"},\"query-input\":{\"@type\":\"PropertyValueSpecification\",\"valueRequired\":true,\"valueName\":\"search_term_string\"}}],\"inLanguage\":\"uk\"},{\"@type\":\"Organization\",\"@id\":\"https:\/\/salon-ela.de\/uk\/#organization\",\"name\":\"Friseursalon Ela\",\"url\":\"https:\/\/salon-ela.de\/uk\/\",\"logo\":{\"@type\":\"ImageObject\",\"inLanguage\":\"uk\",\"@id\":\"https:\/\/salon-ela.de\/uk\/#\/schema\/logo\/image\/\",\"url\":\"https:\/\/salon-ela.de\/wp-content\/uploads\/2025\/02\/logoela.png\",\"contentUrl\":\"https:\/\/salon-ela.de\/wp-content\/uploads\/2025\/02\/logoela.png\",\"width\":60,\"height\":96,\"caption\":\"Friseursalon Ela\"},\"image\":{\"@id\":\"https:\/\/salon-ela.de\/uk\/#\/schema\/logo\/image\/\"},\"sameAs\":[\"https:\/\/www.facebook.com\/profile.php?id=100066531817981\",\"https:\/\/x.com\/friseursalonela\"]}]}<\/script>\n<!-- \/ Yoast SEO plugin. -->","yoast_head_json":{"title":"Sicherheit &#8211; Friseur Ela","robots":{"index":"index","follow":"follow","max-snippet":"max-snippet:-1","max-image-preview":"max-image-preview:large","max-video-preview":"max-video-preview:-1"},"canonical":"https:\/\/salon-ela.de\/uk\/security\/","og_locale":"uk_UA","og_type":"article","og_title":"Sicherheit &#8211; Friseur Ela","og_description":"Ihre Sicherheit und Gesundheit haben f\u00fcr uns h\u00f6chste Priorit\u00e4t. Deshalb treffen wir alle notwendigen Ma\u00dfnahmen, um Ihnen einen sicheren und angenehmen Aufenthalt in unserer Friseursalon zu gew\u00e4hrleisten. Unsere Hygienestandards: Verantwortungsvolle Dienstleistungen: Vielen Dank f\u00fcr Ihr Vertrauen in uns. Ihre Sicherheit und Zufriedenheit sind unser oberstes Ziel!","og_url":"https:\/\/salon-ela.de\/uk\/security\/","og_site_name":"Friseur Ela","article_publisher":"https:\/\/www.facebook.com\/profile.php?id=100066531817981","article_modified_time":"2025-03-23T10:50:55+00:00","og_image":[{"url":"https:\/\/salon-ela.de\/\/wp-content\/uploads\/2025\/03\/dezinfekciya-instrumentov-parikmahera-1024x576.avif","type":"","width":"","height":""}],"twitter_card":"summary_large_image","twitter_site":"@friseursalonela","twitter_misc":{"\u041f\u0440\u0438\u0431\u043b. \u0447\u0430\u0441 \u0447\u0438\u0442\u0430\u043d\u043d\u044f":"1 \u0445\u0432\u0438\u043b\u0438\u043d\u0430"},"schema":{"@context":"https:\/\/schema.org","@graph":[{"@type":"WebPage","@id":"https:\/\/salon-ela.de\/security\/","url":"https:\/\/salon-ela.de\/security\/","name":"Sicherheit &#8211; Friseur Ela","isPartOf":{"@id":"https:\/\/salon-ela.de\/uk\/#website"},"primaryImageOfPage":{"@id":"https:\/\/salon-ela.de\/security\/#primaryimage"},"image":{"@id":"https:\/\/salon-ela.de\/security\/#primaryimage"},"thumbnailUrl":"https:\/\/salon-ela.de\/\/wp-content\/uploads\/2025\/03\/dezinfekciya-instrumentov-parikmahera-1024x576.avif","datePublished":"2025-03-21T23:09:17+00:00","dateModified":"2025-03-23T10:50:55+00:00","breadcrumb":{"@id":"https:\/\/salon-ela.de\/security\/#breadcrumb"},"inLanguage":"uk","potentialAction":[{"@type":"ReadAction","target":["https:\/\/salon-ela.de\/security\/"]}]},{"@type":"ImageObject","inLanguage":"uk","@id":"https:\/\/salon-ela.de\/security\/#primaryimage","url":"https:\/\/salon-ela.de\/\/wp-content\/uploads\/2025\/03\/dezinfekciya-instrumentov-parikmahera-1024x576.avif","contentUrl":"https:\/\/salon-ela.de\/\/wp-content\/uploads\/2025\/03\/dezinfekciya-instrumentov-parikmahera-1024x576.avif"},{"@type":"BreadcrumbList","@id":"https:\/\/salon-ela.de\/security\/#breadcrumb","itemListElement":[{"@type":"ListItem","position":1,"name":"Home","item":"https:\/\/salon-ela.de\/uk\/"},{"@type":"ListItem","position":2,"name":"Sicherheit"}]},{"@type":"WebSite","@id":"https:\/\/salon-ela.de\/uk\/#website","url":"https:\/\/salon-ela.de\/uk\/","name":"Friseursalon Ela","description":"Friseursalon Ela in Dortmund","publisher":{"@id":"https:\/\/salon-ela.de\/uk\/#organization"},"potentialAction":[{"@type":"SearchAction","target":{"@type":"EntryPoint","urlTemplate":"https:\/\/salon-ela.de\/uk\/?s={search_term_string}"},"query-input":{"@type":"PropertyValueSpecification","valueRequired":true,"valueName":"search_term_string"}}],"inLanguage":"uk"},{"@type":"Organization","@id":"https:\/\/salon-ela.de\/uk\/#organization","name":"Friseursalon Ela","url":"https:\/\/salon-ela.de\/uk\/","logo":{"@type":"ImageObject","inLanguage":"uk","@id":"https:\/\/salon-ela.de\/uk\/#\/schema\/logo\/image\/","url":"https:\/\/salon-ela.de\/wp-content\/uploads\/2025\/02\/logoela.png","contentUrl":"https:\/\/salon-ela.de\/wp-content\/uploads\/2025\/02\/logoela.png","width":60,"height":96,"caption":"Friseursalon Ela"},"image":{"@id":"https:\/\/salon-ela.de\/uk\/#\/schema\/logo\/image\/"},"sameAs":["https:\/\/www.facebook.com\/profile.php?id=100066531817981","https:\/\/x.com\/friseursalonela"]}]}},"_links":{"self":[{"href":"https:\/\/salon-ela.de\/uk\/wp-json\/wp\/v2\/pages\/535","targetHints":{"allow":["GET"]}}],"collection":[{"href":"https:\/\/salon-ela.de\/uk\/wp-json\/wp\/v2\/pages"}],"about":[{"href":"https:\/\/salon-ela.de\/uk\/wp-json\/wp\/v2\/types\/page"}],"author":[{"embeddable":true,"href":"https:\/\/salon-ela.de\/uk\/wp-json\/wp\/v2\/users\/1"}],"replies":[{"embeddable":true,"href":"https:\/\/salon-ela.de\/uk\/wp-json\/wp\/v2\/comments?post=535"}],"version-history":[{"count":0,"href":"https:\/\/salon-ela.de\/uk\/wp-json\/wp\/v2\/pages\/535\/revisions"}],"wp:attachment":[{"href":"https:\/\/salon-ela.de\/uk\/wp-json\/wp\/v2\/media?parent=535"}],"curies":[{"name":"wp","href":"https:\/\/api.w.org\/{rel}","templated":true}]}}